{"id":70,"date":"2021-01-28T13:30:22","date_gmt":"2021-01-28T16:30:22","guid":{"rendered":"https:\/\/www.cifha.org.ar\/web\/?page_id=70"},"modified":"2021-07-13T12:49:26","modified_gmt":"2021-07-13T15:49:26","slug":"cifha","status":"publish","type":"page","link":"https:\/\/www.cifha.org.ar\/web\/institucional\/cifha\/","title":{"rendered":"Misi\u00f3n y objetivos"},"content":{"rendered":"\n<p>CIFHA es una fundaci\u00f3n que se dedica a la organizaci\u00f3n, conservaci\u00f3n, estudio y divulgaci\u00f3n de colecciones y fondos fotogr\u00e1ficos argentinos tanto hist\u00f3ricos como contempor\u00e1neos. Su acervo se encuentra integrado por daguerrotipos, ambrotipos, ferrotipos, alb\u00faminas, negativos y positivos en vidrio, manuscritos y otros documentos in\u00e9ditos de los m\u00e1s destacados fot\u00f3grafos de la historia argentina desde mediados de siglo XIX hasta la actualidad.<\/p>\n\n\n\n<p>El Centro funciona en el barrio de La Boca, en una propiedad donde se encuentran los fondos y colecciones en un dep\u00f3sito bajo condiciones de temperatura y humedad controladas (todo el a\u00f1o) favoreciendo su estado de conservaci\u00f3n.<\/p>\n\n\n\n<p class=\"has-text-color\" style=\"color:#8db6b0\"><strong>Las metas principales del Centro son:<\/strong><\/p>\n\n\n\n<p class=\"p-borde\">Organizar, preservar y difundir las colecciones y fondos de fotograf\u00eda hist\u00f3rica argentina bajo su custodia.<\/p>\n\n\n\n<p class=\"p-borde\">Poner en disponibilidad, en forma on-line, el acceso a la informaci\u00f3n sobre las colecciones y fondos.<\/p>\n\n\n\n<p class=\"p-borde\">Estudiar las colecciones y fondos con el fin de ofrecer informaci\u00f3n de calidad.<\/p>\n\n\n\n<p class=\"p-borde\">Producir fotograf\u00eda contempor\u00e1nea a partir de soportes hist\u00f3ricos y modernos.<\/p>\n\n\n\n<p class=\"p-borde\">Promover la puesta en valor del patrimonio fotogr\u00e1fico argentino.<\/p>\n\n\n\n<p class=\"p-borde\">Fomentar el inter\u00e9s en la t\u00e9cnica fotogr\u00e1fica y en su contenido cient\u00edfico \/ art\u00edstico para un p\u00fablico diverso.<\/p>\n\n\n\n<p class=\"p-borde\">Adquirir nuevas colecciones y fondos que representen el amplio abanico de las diversas t\u00e9cnicas fotogr\u00e1ficas y sus distintos usos sociales a lo largo de la historia argentina.<\/p>\n\n\n\n<p class=\"p-borde2\">Ofrecer capacitaci\u00f3n te\u00f3rico-pr\u00e1ctica, tanto a especialistas en la materia como al p\u00fablico en general.<\/p>\n\n\n\n<p><\/p>\n\n\n\n<p class=\"has-text-color\" style=\"color:#8db6b0\">CIFHA ofrece talleres y seminarios y su laboratorio tiene el servicio de copias en gelatino bromuro de plata como as\u00ed tambi\u00e9n revelado de pel\u00edculas en blanco y negro y color; adem\u00e1s, es uno de los pocos laboratorios del pa\u00eds que realiza copias color anal\u00f3gicas.<\/p>\n\n\n\n<p class=\"has-text-color\" style=\"color:#8db6b0\">Con el trabajo interdisciplinario de profesionales destacados de la fotograf\u00eda y la conservaci\u00f3n se ha realizado un trabajo de preservaci\u00f3n de la mayor parte de las colecciones y fondos, logrando as\u00ed su estabilizaci\u00f3n. Adem\u00e1s, se han estudiado en profundidad varias de ellas, derivando en investigaciones, publicaciones, reconocidas muestras fotogr\u00e1ficas y la disposici\u00f3n de modo libre y gratuito de nuestro acervo a trav\u00e9s de la plataforma AtoM.<\/p>\n\n\n\n<p><\/p>\n\n\n\n<div class=\"wp-block-image is-style-rounded\"><figure class=\"aligncenter size-large\"><img loading=\"lazy\" decoding=\"async\" width=\"2835\" height=\"1890\" src=\"https:\/\/www.cifha.org.ar\/web\/wp-content\/uploads\/2021\/03\/14.jpg\" alt=\"\" class=\"wp-image-525\"\/><\/figure><\/div>\n","protected":false},"excerpt":{"rendered":"<p>CIFHA es una fundaci\u00f3n que se dedica a la organizaci\u00f3n, conservaci\u00f3n, estudio y divulgaci\u00f3n de colecciones y fondos fotogr\u00e1ficos argentinos tanto hist\u00f3ricos como contempor\u00e1neos. Su acervo se encuentra integrado por daguerrotipos, ambrotipos, ferrotipos, alb\u00faminas, negativos y positivos en vidrio, manuscritos y otros documentos in\u00e9ditos de los m\u00e1s destacados fot\u00f3grafos de la historia argentina desde mediados [&hellip;]<\/p>\n","protected":false},"author":1,"featured_media":1620,"parent":73,"menu_order":16,"comment_status":"closed","ping_status":"closed","template":"","meta":{"_acf_changed":false,"footnotes":""},"class_list":["post-70","page","type-page","status-publish","has-post-thumbnail","hentry"],"acf":[],"_links":{"self":[{"href":"https:\/\/www.cifha.org.ar\/web\/wp-json\/wp\/v2\/pages\/70","targetHints":{"allow":["GET"]}}],"collection":[{"href":"https:\/\/www.cifha.org.ar\/web\/wp-json\/wp\/v2\/pages"}],"about":[{"href":"https:\/\/www.cifha.org.ar\/web\/wp-json\/wp\/v2\/types\/page"}],"author":[{"embeddable":true,"href":"https:\/\/www.cifha.org.ar\/web\/wp-json\/wp\/v2\/users\/1"}],"replies":[{"embeddable":true,"href":"https:\/\/www.cifha.org.ar\/web\/wp-json\/wp\/v2\/comments?post=70"}],"version-history":[{"count":16,"href":"https:\/\/www.cifha.org.ar\/web\/wp-json\/wp\/v2\/pages\/70\/revisions"}],"predecessor-version":[{"id":1523,"href":"https:\/\/www.cifha.org.ar\/web\/wp-json\/wp\/v2\/pages\/70\/revisions\/1523"}],"up":[{"embeddable":true,"href":"https:\/\/www.cifha.org.ar\/web\/wp-json\/wp\/v2\/pages\/73"}],"wp:featuredmedia":[{"embeddable":true,"href":"https:\/\/www.cifha.org.ar\/web\/wp-json\/wp\/v2\/media\/1620"}],"wp:attachment":[{"href":"https:\/\/www.cifha.org.ar\/web\/wp-json\/wp\/v2\/media?parent=70"}],"curies":[{"name":"wp","href":"https:\/\/api.w.org\/{rel}","templated":true}]}}