{"id":66,"date":"2021-01-28T13:26:33","date_gmt":"2021-01-28T16:26:33","guid":{"rendered":"https:\/\/www.cifha.org.ar\/web\/?page_id=66"},"modified":"2023-12-06T18:24:55","modified_gmt":"2023-12-06T21:24:55","slug":"quiero-donar-a-cifha","status":"publish","type":"page","link":"https:\/\/www.cifha.org.ar\/web\/quiero-donar-a-cifha\/","title":{"rendered":"Quiero donar a CIFHA"},"content":{"rendered":"\n<p><\/p>\n\n\n\n<div class=\"wp-block-buttons is-layout-flex wp-block-buttons-is-layout-flex\">\n<div class=\"wp-block-button\"><a class=\"wp-block-button__link has-background wp-element-button\" href=\"https:\/\/donaronline.org\/cifha-centro-de-investigacion-fotografico-historico-argentino\/potencia-nuestro-trabajo-en-cifha\" style=\"border-radius:50px;background-color:#8db6b0\"><span style=\"background-color:rgba(0, 0, 0, 0)\" class=\"has-inline-color has-white-color\">Hac\u00e9 tu aporte<\/span><\/a><\/div>\n<\/div>\n\n\n\n<p><\/p>\n\n\n\n<p>Tu aporte voluntario contribuye a que podamos continuar con las tareas de preservaci\u00f3n y difusi\u00f3n de las colecciones y fondos fotogr\u00e1ficos de nuestro acervo y hacer posible su acceso libre y gratuito en nuestro pa\u00eds y el mundo. Esto fomenta la pr\u00e1ctica art\u00edstica contempor\u00e1nea como as\u00ed tambi\u00e9n fortalece el reconocimiento de la fotograf\u00eda argentina en el resto de los continentes.<\/p>\n\n\n\n<p>Acompa\u00f1amos nuestra tarea de preservaci\u00f3n e investigaci\u00f3n con variados programas socioeducativos como visitas guiadas; charlas en escuelas y otras instituciones; exposiciones; clases, conferencias y talleres; con el objetivo de hacer extensivo el alcance de los descubrimientos hist\u00f3ricos, pol\u00edticos y culturales que devienen de nuestro trabajo.<\/p>\n\n\n\n<p>Si te apasiona la fotograf\u00eda, te preocupa nuestro patrimonio cultural o simplemente quer\u00e9s acompa\u00f1arnos, sumate con tu aporte y ayudanos a que podamos seguir realizando nuestras tareas.<\/p>\n\n\n\n<p>Muchas gracias.<\/p>\n\n\n\n<div class=\"wp-block-columns are-vertically-aligned-center is-layout-flex wp-container-core-columns-is-layout-9d6595d7 wp-block-columns-is-layout-flex\">\n<div class=\"wp-block-column is-vertically-aligned-center is-layout-flow wp-block-column-is-layout-flow\" style=\"flex-basis:100%\">\n<div class=\"wp-block-group\"><div class=\"wp-block-group__inner-container is-layout-flow wp-block-group-is-layout-flow\">\n<figure class=\"wp-block-gallery aligncenter has-nested-images columns-default is-cropped wp-block-gallery-1 is-layout-flex wp-block-gallery-is-layout-flex\">\n<figure class=\"wp-block-image size-large\"><img loading=\"lazy\" decoding=\"async\" width=\"2784\" height=\"1856\" data-id=\"518\" src=\"https:\/\/www.cifha.org.ar\/web\/wp-content\/uploads\/2021\/03\/IMG_9983.jpg\" alt=\"\" class=\"wp-image-518\"\/><\/figure>\n\n\n\n<figure class=\"wp-block-image size-large\"><img loading=\"lazy\" decoding=\"async\" width=\"1134\" height=\"818\" data-id=\"517\" src=\"https:\/\/www.cifha.org.ar\/web\/wp-content\/uploads\/2021\/03\/IMG_0649.jpg\" alt=\"\" class=\"wp-image-517\"\/><\/figure>\n\n\n\n<figure class=\"wp-block-image size-large\"><img loading=\"lazy\" decoding=\"async\" width=\"1134\" height=\"756\" data-id=\"516\" src=\"https:\/\/www.cifha.org.ar\/web\/wp-content\/uploads\/2021\/03\/6.jpg\" alt=\"\" class=\"wp-image-516\"\/><\/figure>\n\n\n\n<figure class=\"wp-block-image size-large\"><img loading=\"lazy\" decoding=\"async\" width=\"4080\" height=\"2720\" data-id=\"520\" src=\"https:\/\/www.cifha.org.ar\/web\/wp-content\/uploads\/2021\/03\/IMG_0337.jpg\" alt=\"\" class=\"wp-image-520\"\/><\/figure>\n\n\n\n<figure class=\"wp-block-image size-large\"><img loading=\"lazy\" decoding=\"async\" width=\"5616\" height=\"3744\" data-id=\"514\" src=\"https:\/\/www.cifha.org.ar\/web\/wp-content\/uploads\/2021\/03\/11.jpg\" alt=\"\" class=\"wp-image-514\"\/><\/figure>\n\n\n\n<figure class=\"wp-block-image size-large\"><img loading=\"lazy\" decoding=\"async\" width=\"1728\" height=\"1152\" data-id=\"513\" src=\"https:\/\/www.cifha.org.ar\/web\/wp-content\/uploads\/2021\/03\/19.jpg\" alt=\"\" class=\"wp-image-513\"\/><\/figure>\n\n\n\n<figure class=\"wp-block-image size-large\"><img loading=\"lazy\" decoding=\"async\" width=\"1134\" height=\"756\" data-id=\"515\" src=\"https:\/\/www.cifha.org.ar\/web\/wp-content\/uploads\/2021\/03\/11-1.jpg\" alt=\"\" class=\"wp-image-515\"\/><\/figure>\n\n\n\n<figure class=\"wp-block-image size-large\"><img loading=\"lazy\" decoding=\"async\" width=\"567\" height=\"377\" data-id=\"220\" src=\"https:\/\/www.cifha.org.ar\/web\/wp-content\/uploads\/2021\/02\/casoolds5.jpg\" alt=\"\" class=\"wp-image-220\"\/><\/figure>\n<\/figure>\n<\/div><\/div>\n<\/div>\n<\/div>\n\n\n\n<p>A lo largo de los 10 a\u00f1os de nuestra instituci\u00f3n, realizamos innumerables actividades, como la exposici\u00f3n &#8220;Espejos de Plata&#8221; en FoLa el a\u00f1o 2017; talleres de laboratorio anal\u00f3gico dictados por Emilio Casabianca, de colodi\u00f3n h\u00famedo dictado por Juan Pablo Barrientos; proyecci\u00f3n de Linterna m\u00e1gica en jard\u00edn de infantes; talleres de identificaci\u00f3n y conservaci\u00f3n de fotograf\u00edas antiguas dictados por Ana Masiello; excavaci\u00f3n arqueol\u00f3gica en conjunto con el \u00e1rea de Patrimonio de la Ciudad de Buenos Aires recuperando objetos enterrados que pertenecieron a la antigua pulper\u00eda que funcion\u00f3 en nuestro establecimiento a comienzos del siglo XX; entre otras.<\/p>\n\n\n\n<p>Se llev\u00f3 a cabo la puesta en valor del archivo de Juan M\u00fcller, la publicaci\u00f3n de un libro y la exposici\u00f3n &#8220;Retratos Anfibios&#8221;, con la que se inaugur\u00f3 la sala de exhibiciones 1101 Foto Espacio; se trabaj\u00f3 en la restauraci\u00f3n del archivo de Alejandro Del Conte, junto con la exposici\u00f3n &#8220;Memorias de un so\u00f1ador&#8221; en ArtexArte y la publicaci\u00f3n del correspondiente libro; se realizaron talleres de fotograf\u00eda estenopeica destinados a los barrios de zona sur de la Ciudad de Buenos Aires; y se organiz\u00f3 en 1101 Foto Espacio la muestra &#8220;El extranjero&#8221;, de Harry Grant Olds, luego de un trabajo de restauraci\u00f3n y digitalizaci\u00f3n de su archivo, adem\u00e1s de la producci\u00f3n del cortometraje documental &#8220;Los Viajes de H.G. Olds&#8221;.<\/p>\n\n\n\n<div class=\"wp-block-columns is-layout-flex wp-container-core-columns-is-layout-9d6595d7 wp-block-columns-is-layout-flex\">\n<div class=\"wp-block-column is-layout-flow wp-block-column-is-layout-flow\">\n<figure class=\"wp-block-gallery has-nested-images columns-2 is-cropped wp-block-gallery-2 is-layout-flex wp-block-gallery-is-layout-flex\">\n<figure class=\"wp-block-image size-large\"><img loading=\"lazy\" decoding=\"async\" width=\"1600\" height=\"1067\" data-id=\"1248\" src=\"https:\/\/www.cifha.org.ar\/web\/wp-content\/uploads\/2021\/05\/IMG_0895.jpg\" alt=\"\" class=\"wp-image-1248\"\/><figcaption class=\"wp-element-caption\">Taller de colodi\u00f3n h\u00famedo<\/figcaption><\/figure>\n\n\n\n<figure class=\"wp-block-image size-large\"><img loading=\"lazy\" decoding=\"async\" width=\"1600\" height=\"1067\" data-id=\"1247\" src=\"https:\/\/www.cifha.org.ar\/web\/wp-content\/uploads\/2021\/05\/IMG_0469.jpg\" alt=\"\" class=\"wp-image-1247\"\/><figcaption class=\"wp-element-caption\">Taller de colodi\u00f3n h\u00famedo<\/figcaption><\/figure>\n\n\n\n<figure class=\"wp-block-image size-large\"><img loading=\"lazy\" decoding=\"async\" width=\"1200\" height=\"800\" data-id=\"1249\" src=\"https:\/\/www.cifha.org.ar\/web\/wp-content\/uploads\/2021\/05\/IMG_9741.jpg\" alt=\"\" class=\"wp-image-1249\"\/><figcaption class=\"wp-element-caption\">Talleres de fotograf\u00eda estenopeica en escuelas medias<\/figcaption><\/figure>\n<\/figure>\n\n\n\n<p><\/p>\n<\/div>\n<\/div>\n\n\n\n<figure class=\"wp-block-gallery has-nested-images columns-default is-cropped wp-block-gallery-3 is-layout-flex wp-block-gallery-is-layout-flex\">\n<figure class=\"wp-block-image size-large\"><img loading=\"lazy\" decoding=\"async\" width=\"1500\" height=\"864\" data-id=\"1245\" src=\"https:\/\/www.cifha.org.ar\/web\/wp-content\/uploads\/2021\/05\/DSC09146.jpg\" alt=\"\" class=\"wp-image-1245\"\/><figcaption class=\"wp-element-caption\">&#8220;Espejo de plata&#8221; en FoLa, 2017<\/figcaption><\/figure>\n<\/figure>\n\n\n\n<figure class=\"wp-block-gallery has-nested-images columns-2 is-cropped wp-block-gallery-4 is-layout-flex wp-block-gallery-is-layout-flex\">\n<figure class=\"wp-block-image size-large\"><img loading=\"lazy\" decoding=\"async\" width=\"1600\" height=\"1067\" data-id=\"1246\" src=\"https:\/\/www.cifha.org.ar\/web\/wp-content\/uploads\/2021\/05\/IMG_0408.jpg\" alt=\"\" class=\"wp-image-1246\"\/><figcaption class=\"wp-element-caption\">Proyecci\u00f3n de Linterna m\u00e1gica en jard\u00edn de Infantes<\/figcaption><\/figure>\n\n\n\n<figure class=\"wp-block-image size-large\"><img loading=\"lazy\" decoding=\"async\" width=\"1600\" height=\"1067\" data-id=\"1250\" src=\"https:\/\/www.cifha.org.ar\/web\/wp-content\/uploads\/2021\/05\/IMG_9895.jpg\" alt=\"\" class=\"wp-image-1250\"\/><figcaption class=\"wp-element-caption\">Talleres de conservaci\u00f3n<\/figcaption><\/figure>\n\n\n\n<figure class=\"wp-block-image size-large\"><img loading=\"lazy\" decoding=\"async\" width=\"1134\" height=\"756\" data-id=\"1242\" src=\"https:\/\/www.cifha.org.ar\/web\/wp-content\/uploads\/2021\/05\/3.jpg\" alt=\"\" class=\"wp-image-1242\"\/><figcaption class=\"wp-element-caption\">Talleres de laboratorio anal\u00f3gico<\/figcaption><\/figure>\n<\/figure>\n\n\n\n<figure class=\"wp-block-gallery has-nested-images columns-2 is-cropped wp-block-gallery-5 is-layout-flex wp-block-gallery-is-layout-flex\">\n<figure class=\"wp-block-image size-large\"><img loading=\"lazy\" decoding=\"async\" width=\"1600\" height=\"1200\" data-id=\"1269\" src=\"https:\/\/www.cifha.org.ar\/web\/wp-content\/uploads\/2021\/05\/IMG_20170915_175826.jpg\" alt=\"\" class=\"wp-image-1269\"\/><figcaption class=\"wp-element-caption\">Dispositivo de visi\u00f3n estereosc\u00f3pica en gran formato<\/figcaption><\/figure>\n\n\n\n<figure class=\"wp-block-image size-large\"><img loading=\"lazy\" decoding=\"async\" width=\"1600\" height=\"1200\" data-id=\"1268\" src=\"https:\/\/www.cifha.org.ar\/web\/wp-content\/uploads\/2021\/05\/IMG_20170914_195702.jpg\" alt=\"\" class=\"wp-image-1268\"\/><figcaption class=\"wp-element-caption\">Dispositivo de visi\u00f3n estereosc\u00f3pica en gran formato<\/figcaption><\/figure>\n\n\n\n<figure class=\"wp-block-image size-large\"><img loading=\"lazy\" decoding=\"async\" width=\"1600\" height=\"1063\" data-id=\"1243\" src=\"https:\/\/www.cifha.org.ar\/web\/wp-content\/uploads\/2021\/05\/DSC_3090.jpg\" alt=\"\" class=\"wp-image-1243\"\/><figcaption class=\"wp-element-caption\">Exposici\u00f3n de fotograf\u00eda estereosc\u00f3pica de Bernardo Croce en ARGRA, 2017<\/figcaption><\/figure>\n<\/figure>\n","protected":false},"excerpt":{"rendered":"<p>Tu aporte voluntario contribuye a que podamos continuar con las tareas de preservaci\u00f3n y difusi\u00f3n de las colecciones y fondos fotogr\u00e1ficos de nuestro acervo y hacer posible su acceso libre y gratuito en nuestro pa\u00eds y el mundo. Esto fomenta la pr\u00e1ctica art\u00edstica contempor\u00e1nea como as\u00ed tambi\u00e9n fortalece el reconocimiento de la fotograf\u00eda argentina en [&hellip;]<\/p>\n","protected":false},"author":1,"featured_media":430,"parent":0,"menu_order":20,"comment_status":"closed","ping_status":"closed","template":"","meta":{"_acf_changed":false,"footnotes":""},"class_list":["post-66","page","type-page","status-publish","has-post-thumbnail","hentry"],"acf":[],"_links":{"self":[{"href":"https:\/\/www.cifha.org.ar\/web\/wp-json\/wp\/v2\/pages\/66","targetHints":{"allow":["GET"]}}],"collection":[{"href":"https:\/\/www.cifha.org.ar\/web\/wp-json\/wp\/v2\/pages"}],"about":[{"href":"https:\/\/www.cifha.org.ar\/web\/wp-json\/wp\/v2\/types\/page"}],"author":[{"embeddable":true,"href":"https:\/\/www.cifha.org.ar\/web\/wp-json\/wp\/v2\/users\/1"}],"replies":[{"embeddable":true,"href":"https:\/\/www.cifha.org.ar\/web\/wp-json\/wp\/v2\/comments?post=66"}],"version-history":[{"count":39,"href":"https:\/\/www.cifha.org.ar\/web\/wp-json\/wp\/v2\/pages\/66\/revisions"}],"predecessor-version":[{"id":2370,"href":"https:\/\/www.cifha.org.ar\/web\/wp-json\/wp\/v2\/pages\/66\/revisions\/2370"}],"wp:featuredmedia":[{"embeddable":true,"href":"https:\/\/www.cifha.org.ar\/web\/wp-json\/wp\/v2\/media\/430"}],"wp:attachment":[{"href":"https:\/\/www.cifha.org.ar\/web\/wp-json\/wp\/v2\/media?parent=66"}],"curies":[{"name":"wp","href":"https:\/\/api.w.org\/{rel}","templated":true}]}}