{"id":2311,"date":"2023-10-04T12:35:01","date_gmt":"2023-10-04T15:35:01","guid":{"rendered":"https:\/\/www.cifha.org.ar\/web\/?page_id=2311"},"modified":"2024-09-19T16:42:29","modified_gmt":"2024-09-19T19:42:29","slug":"taller-de-laboratorio-analogico-color","status":"publish","type":"page","link":"https:\/\/www.cifha.org.ar\/web\/taller-de-laboratorio-analogico-color\/","title":{"rendered":"Taller de Laboratorio Anal\u00f3gico Color"},"content":{"rendered":"\n<p>Dictado por <a href=\"https:\/\/www.cifha.org.ar\/web\/bio\/emilio-casabianca\/\">Emilio Casabianca<\/a><\/p>\n\n\n\n<p>Aprend\u00e9 los fundamentos del trabajo en laboratorio anal\u00f3gico con uno de los laboratoristas m\u00e1s experimentados del pa\u00eds. El taller te\u00f3rico-pr\u00e1ctico permitir\u00e1, entre otras cosas, reconocer caracter\u00edsticas fundamentales de las distintas pel\u00edculas fotosensibles y realizar ampliaciones a partir de negativos en diversos formatos y soportes.<\/p>\n\n\n\n<p>M\u00e1ximo 8 integrantes.<br>15 horas de taller. Total 2 clases.<\/p>\n\n\n\n<p><strong>Pr\u00f3ximo Taller: <\/strong>fecha a confirmar.<\/p>\n\n\n\n<p>Por consultas, enviar por favor un mail a <strong>info@cifha.org.ar<\/strong>.<\/p>\n\n\n\n<p><strong>Ejes tem\u00e1ticos<\/strong>:<\/p>\n\n\n\n<p><strong>Teor\u00eda del color.<\/strong><br>Espectro electromagn\u00e9tico. Composici\u00f3n y dispersi\u00f3n de la luz. Longitud de<br>onda. Temperatura color. Sistema aditivo y sustractivo. Emulsiones color.<\/p>\n\n\n\n<p><strong>Pr\u00e1ctica color.<\/strong><br>Toma del grupo en 35mm o placa y revelado. Qu\u00edmicos C-41 y RA 4. Diluci\u00f3n, soluci\u00f3n de trabajo, relleno. Filtros para copiado color. Cabezal color. Correcci\u00f3n de color. Dominantes. Papel color.<\/p>\n\n\n\n<p><strong>Autocromos.<\/strong><br>Visita al archivo de CIFHA para ver los autocromos que conservamos.<\/p>\n\n\n\n<p><strong>Foto grupal.<\/strong><br>Realizaci\u00f3n de una toma fotogr\u00e1fica grupal con los alumnos en un negativo color 35 mm o placa. Revelado del negativo. Reconocimiento de los elementos que hacen al laboratorio anal\u00f3gico color: procesadoras de papel; procesadora de negativo; cabezal color de las ampliadoras; y qu\u00edmicos RA4 (papel fotogr\u00e1fico color) y C-41 (pel\u00edcula negativo color).<\/p>\n\n\n\n<p><strong>Copia de la toma de grupo.<\/strong><br>Filtrado base, correcci\u00f3n. Copiado de los negativos de los alumnos. Retoque.<\/p>\n\n\n\n<p><strong>Aclaraci\u00f3n importante:<\/strong> cada uno de los participantes deber\u00e1 traer un negativo color para la clase pr\u00e1ctica.<\/p>\n\n\n\n<p><strong>Laboratorio anal\u00f3gico CIFHA<\/strong><\/p>\n\n\n\n<p>En nuestro establecimiento se pueden practicar las 3 t\u00e9cnicas foto-qu\u00edmicas m\u00e1s importantes de la historia desde el siglo XIX: Daguerrotipo, Colodi\u00f3n H\u00famedo y Gelatino Bromuro de Plata.<\/p>\n\n\n\n<p>Sus 3 ampliadoras (Durst Laborator 1800 con cabezal 2000 CLS, Beseler 45MX y Durst 1200, con cabezal dicroico CLS 500) permiten ampliar desde un negativo 35 mm hasta una placa de 25 x 25 cm.<\/p>\n\n\n\n<p>La gran mesada de m\u00e1rmol y su bacha de acero inoxidable, hacen que el tallerista se pueda desplegar con comodidad, pudiendo ser m\u00e1s preciso y consciente en su t\u00e9cnica.<\/p>\n\n\n\n<p>El laboratorio de CIFHA tiene 35 m2 con extracci\u00f3n segura de gases y climatizado.<\/p>\n\n\n\n<figure class=\"wp-block-gallery has-nested-images columns-default is-cropped wp-block-gallery-1 is-layout-flex wp-block-gallery-is-layout-flex\">\n<figure class=\"wp-block-image size-large\"><img loading=\"lazy\" decoding=\"async\" width=\"1024\" height=\"683\" data-id=\"2348\" src=\"https:\/\/www.cifha.org.ar\/web\/wp-content\/uploads\/2023\/10\/IMG_1369-1024x683.jpg\" alt=\"\" class=\"wp-image-2348\" srcset=\"https:\/\/www.cifha.org.ar\/web\/wp-content\/uploads\/2023\/10\/IMG_1369-1024x683.jpg 1024w, https:\/\/www.cifha.org.ar\/web\/wp-content\/uploads\/2023\/10\/IMG_1369-300x200.jpg 300w, https:\/\/www.cifha.org.ar\/web\/wp-content\/uploads\/2023\/10\/IMG_1369-768x512.jpg 768w, https:\/\/www.cifha.org.ar\/web\/wp-content\/uploads\/2023\/10\/IMG_1369-1536x1024.jpg 1536w, https:\/\/www.cifha.org.ar\/web\/wp-content\/uploads\/2023\/10\/IMG_1369-2048x1365.jpg 2048w\" sizes=\"auto, (max-width: 1024px) 100vw, 1024px\" \/><\/figure>\n\n\n\n<figure class=\"wp-block-image size-large\"><img loading=\"lazy\" decoding=\"async\" width=\"1024\" height=\"683\" data-id=\"2352\" src=\"https:\/\/www.cifha.org.ar\/web\/wp-content\/uploads\/2023\/10\/IMG_1375-1024x683.jpg\" alt=\"\" class=\"wp-image-2352\" srcset=\"https:\/\/www.cifha.org.ar\/web\/wp-content\/uploads\/2023\/10\/IMG_1375-1024x683.jpg 1024w, https:\/\/www.cifha.org.ar\/web\/wp-content\/uploads\/2023\/10\/IMG_1375-300x200.jpg 300w, https:\/\/www.cifha.org.ar\/web\/wp-content\/uploads\/2023\/10\/IMG_1375-768x512.jpg 768w, https:\/\/www.cifha.org.ar\/web\/wp-content\/uploads\/2023\/10\/IMG_1375-1536x1024.jpg 1536w, https:\/\/www.cifha.org.ar\/web\/wp-content\/uploads\/2023\/10\/IMG_1375-2048x1365.jpg 2048w\" sizes=\"auto, (max-width: 1024px) 100vw, 1024px\" \/><\/figure>\n<\/figure>\n","protected":false},"excerpt":{"rendered":"<p>Dictado por Emilio Casabianca Aprend\u00e9 los fundamentos del trabajo en laboratorio anal\u00f3gico con uno de los laboratoristas m\u00e1s experimentados del pa\u00eds. El taller te\u00f3rico-pr\u00e1ctico permitir\u00e1, entre otras cosas, reconocer caracter\u00edsticas fundamentales de las distintas pel\u00edculas fotosensibles y realizar ampliaciones a partir de negativos en diversos formatos y soportes. M\u00e1ximo 8 integrantes.15 horas de taller. Total [&hellip;]<\/p>\n","protected":false},"author":1,"featured_media":2351,"parent":0,"menu_order":2,"comment_status":"closed","ping_status":"closed","template":"","meta":{"_acf_changed":false,"footnotes":""},"class_list":["post-2311","page","type-page","status-publish","has-post-thumbnail","hentry"],"acf":[],"_links":{"self":[{"href":"https:\/\/www.cifha.org.ar\/web\/wp-json\/wp\/v2\/pages\/2311","targetHints":{"allow":["GET"]}}],"collection":[{"href":"https:\/\/www.cifha.org.ar\/web\/wp-json\/wp\/v2\/pages"}],"about":[{"href":"https:\/\/www.cifha.org.ar\/web\/wp-json\/wp\/v2\/types\/page"}],"author":[{"embeddable":true,"href":"https:\/\/www.cifha.org.ar\/web\/wp-json\/wp\/v2\/users\/1"}],"replies":[{"embeddable":true,"href":"https:\/\/www.cifha.org.ar\/web\/wp-json\/wp\/v2\/comments?post=2311"}],"version-history":[{"count":11,"href":"https:\/\/www.cifha.org.ar\/web\/wp-json\/wp\/v2\/pages\/2311\/revisions"}],"predecessor-version":[{"id":2555,"href":"https:\/\/www.cifha.org.ar\/web\/wp-json\/wp\/v2\/pages\/2311\/revisions\/2555"}],"wp:featuredmedia":[{"embeddable":true,"href":"https:\/\/www.cifha.org.ar\/web\/wp-json\/wp\/v2\/media\/2351"}],"wp:attachment":[{"href":"https:\/\/www.cifha.org.ar\/web\/wp-json\/wp\/v2\/media?parent=2311"}],"curies":[{"name":"wp","href":"https:\/\/api.w.org\/{rel}","templated":true}]}}