{"id":137,"date":"2021-01-30T17:12:27","date_gmt":"2021-01-30T20:12:27","guid":{"rendered":"https:\/\/www.cifha.org.ar\/web\/?page_id=137"},"modified":"2021-08-17T14:56:24","modified_gmt":"2021-08-17T17:56:24","slug":"servicios","status":"publish","type":"page","link":"https:\/\/www.cifha.org.ar\/web\/servicios\/","title":{"rendered":"Servicios"},"content":{"rendered":"\n<p class=\"has-medium-font-size\"><\/p>\n\n\n\n<div class=\"wp-block-pb-accordion-item c-accordion__item js-accordion-item no-js p-borde\" data-initially-open=\"false\" data-click-to-close=\"true\" data-auto-close=\"true\" data-scroll=\"false\" data-scroll-offset=\"0\"><h4 id=\"at-1371\" class=\"c-accordion__title js-accordion-controller\" role=\"button\">Laboratorio Anal\u00f3gico<\/h4><div id=\"ac-1371\" class=\"c-accordion__content\">\n<p><strong>Copiado anal\u00f3gico B&amp;N al gelatino bromuro de plata en papel fibra<\/strong><\/p>\n\n\n\n<p><span class=\"has-inline-color has-cyan-bluish-gray-color\">Medidas: 20 x 25 cm; 24 x 30 cm; 30 x 40 cm; 40 x 50 cm; 50 x 60 cm<\/span><\/p>\n\n\n\n<p><strong>Revelado de rollos B&amp;N. Con o sin contactos anal\u00f3gicos.<\/strong><\/p>\n\n\n\n<p><span class=\"has-inline-color has-cyan-bluish-gray-color\">Formatos: 35mm 120mm y placas hasta 4 x 5 cm<\/span><\/p>\n\n\n\n<p><strong>Copiado anal\u00f3gico color.<\/strong><\/p>\n\n\n\n<p><span class=\"has-inline-color has-cyan-bluish-gray-color\">Medidas 20 x 25 cm; 20 x 30 cm; 20 x 35 cm; 30 x 40 cm; 30 x 50 cm<\/span><\/p>\n\n\n\n<p><strong>Revelado C-41. con o sin contactos anal\u00f3gicos<\/strong><\/p>\n\n\n\n<p><span class=\"has-inline-color has-cyan-bluish-gray-color\">Formatos: 35mm 120mm y placas hasta 4 x 5 cm<\/span><\/p>\n<\/div><\/div>\n\n\n\n<div class=\"wp-block-pb-accordion-item c-accordion__item js-accordion-item no-js p-borde\" data-initially-open=\"false\" data-click-to-close=\"true\" data-auto-close=\"true\" data-scroll=\"false\" data-scroll-offset=\"0\"><h4 id=\"at-1373\" class=\"c-accordion__title js-accordion-controller\" role=\"button\">Digitalizaci\u00f3n<\/h4><div id=\"ac-1373\" class=\"c-accordion__content\">\n<p>Esc\u00e1ner Epson Expression 11000XL<\/p>\n\n\n\n<p><span class=\"has-inline-color has-cyan-bluish-gray-color\">Medidas m\u00e1ximas 42 x 30 cm (A3)<\/span><\/p>\n\n\n\n<p>Servicio de digitalizaci\u00f3n de documentos patrimoniales. Copias fotogr\u00e1ficas, documentos, revistas, y otros documentos.<\/p>\n\n\n\n<p>Servicio de digitalizaci\u00f3n de <strong>placas de vidrio<\/strong> y flexibles de todos los formatos; nitratos, acetatos, 35mm, tanto B&amp;N como Color.<\/p>\n\n\n\n<p><span class=\"has-inline-color has-cyan-bluish-gray-color\">Formato m\u00e1ximo: 30&#215;40 cm<\/span><\/p>\n<\/div><\/div>\n\n\n\n<div class=\"wp-block-pb-accordion-item c-accordion__item js-accordion-item no-js p-borde\" data-initially-open=\"false\" data-click-to-close=\"true\" data-auto-close=\"true\" data-scroll=\"false\" data-scroll-offset=\"0\"><h4 id=\"at-1375\" class=\"c-accordion__title js-accordion-controller\" role=\"button\">Limpieza de negativos fotogr\u00e1ficos en vidrio<\/h4><div id=\"ac-1375\" class=\"c-accordion__content\">\n<p><\/p>\n<\/div><\/div>\n\n\n\n<div class=\"wp-block-pb-accordion-item c-accordion__item js-accordion-item no-js p-borde\" data-initially-open=\"false\" data-click-to-close=\"true\" data-auto-close=\"true\" data-scroll=\"false\" data-scroll-offset=\"0\"><h4 id=\"at-1377\" class=\"c-accordion__title js-accordion-controller\" role=\"button\">Biblioteca y Hemeroteca Fotogr\u00e1fica<\/h4><div id=\"ac-1377\" class=\"c-accordion__content\">\n<p>M\u00e1s de 1.000 libros dedicados a la fotograf\u00eda hist\u00f3rica y contempor\u00e1nea, tanto de autores nacionales como internacionales. Tambi\u00e9n nos encontramos trabajando en la hemeroteca, con m\u00e1s de 2.000 ejemplares, en su mayor\u00eda publicados en Argentina, desde fines del siglo XIX hasta la actualidad.<\/p>\n<\/div><\/div>\n\n\n\n<div class=\"wp-block-pb-accordion-item c-accordion__item js-accordion-item no-js p-borde2\" data-initially-open=\"false\" data-click-to-close=\"true\" data-auto-close=\"true\" data-scroll=\"false\" data-scroll-offset=\"0\"><h4 id=\"at-1379\" class=\"c-accordion__title js-accordion-controller\" role=\"button\"><strong>Talleres y Conferencias<\/strong><\/h4><div id=\"ac-1379\" class=\"c-accordion__content\">\n<p>La planta alta fue un conventillo construido en el 1900, recientemente restaurado. Con paredes internas y piso de pinotea. All\u00ed se imparten los talleres, conferencias y eventos de CIFHA. <\/p>\n<\/div><\/div>\n\n\n\n<p><\/p>\n","protected":false},"excerpt":{"rendered":"","protected":false},"author":1,"featured_media":516,"parent":0,"menu_order":14,"comment_status":"closed","ping_status":"closed","template":"","meta":{"_acf_changed":false,"footnotes":""},"class_list":["post-137","page","type-page","status-publish","has-post-thumbnail","hentry"],"acf":[],"_links":{"self":[{"href":"https:\/\/www.cifha.org.ar\/web\/wp-json\/wp\/v2\/pages\/137","targetHints":{"allow":["GET"]}}],"collection":[{"href":"https:\/\/www.cifha.org.ar\/web\/wp-json\/wp\/v2\/pages"}],"about":[{"href":"https:\/\/www.cifha.org.ar\/web\/wp-json\/wp\/v2\/types\/page"}],"author":[{"embeddable":true,"href":"https:\/\/www.cifha.org.ar\/web\/wp-json\/wp\/v2\/users\/1"}],"replies":[{"embeddable":true,"href":"https:\/\/www.cifha.org.ar\/web\/wp-json\/wp\/v2\/comments?post=137"}],"version-history":[{"count":11,"href":"https:\/\/www.cifha.org.ar\/web\/wp-json\/wp\/v2\/pages\/137\/revisions"}],"predecessor-version":[{"id":1776,"href":"https:\/\/www.cifha.org.ar\/web\/wp-json\/wp\/v2\/pages\/137\/revisions\/1776"}],"wp:featuredmedia":[{"embeddable":true,"href":"https:\/\/www.cifha.org.ar\/web\/wp-json\/wp\/v2\/media\/516"}],"wp:attachment":[{"href":"https:\/\/www.cifha.org.ar\/web\/wp-json\/wp\/v2\/media?parent=137"}],"curies":[{"name":"wp","href":"https:\/\/api.w.org\/{rel}","templated":true}]}}